{"id":3818,"date":"2017-04-04T08:44:46","date_gmt":"2017-04-04T05:44:46","guid":{"rendered":"http:\/\/mekanikel.com\/?page_id=3818\/"},"modified":"2024-12-30T13:32:05","modified_gmt":"2024-12-30T10:32:05","slug":"contact","status":"publish","type":"page","link":"https:\/\/mekanikel.com\/en\/contact\/","title":{"rendered":"Contact"},"content":{"rendered":"<div class=\"wpb-content-wrapper\"><p>[vc_row][vc_column css=&#8221;.vc_custom_1489529031300{margin-top: -80px !important;}&#8221;]<div class=\"mkd-google-map-holder\">\n\t<div class=\"mkd-google-map\" id=\"mkd-map-2386545\" data-addresses='[\"40.927422,29.311535\"]' data-custom-map-style=false data-color-overlay=#393939 data-saturation=-100 data-lightness=-60 data-zoom=14 data-pin=https:\/\/mekanikel.com\/wp-content\/uploads\/2016\/10\/H3-Pin.png data-unique-id=2386545 data-scroll-wheel=false data-height=420><\/div>\n\t\t\t<div class=\"mkd-google-map-overlay\"><\/div>\n\t<\/div>\n[\/vc_column][\/vc_row][vc_row content_width=&#8221;grid&#8221; css=&#8221;.vc_custom_1477575832892{padding-top: 61px !important;padding-bottom: 56px !important;}&#8221;][vc_column offset=&#8221;vc_col-lg-6&#8243;][vc_column_text]<\/p>\n<h2>Contact Form<\/h2>\n<p>[\/vc_column_text][vc_empty_space height=&#8221;9px&#8221;][vc_column_text]<\/p>\n<p align=\"justify\">You can contact us from the contact form below or from our contact numbers. Messages received via the form will be answered within 24 hours.<\/p>\n<p>[\/vc_column_text][vc_empty_space height=&#8221;22px&#8221;]\n<div class=\"wpcf7 no-js\" id=\"wpcf7-f3820-o1\" lang=\"tr-TR\" dir=\"ltr\" data-wpcf7-id=\"3820\">\n<div class=\"screen-reader-response\"><p role=\"status\" aria-live=\"polite\" aria-atomic=\"true\"><\/p> <ul><\/ul><\/div>\n<form action=\"\/en\/wp-json\/wp\/v2\/pages\/3818#wpcf7-f3820-o1\" method=\"post\" class=\"wpcf7-form init\" aria-label=\"\u0130leti\u015fim Formu\" novalidate=\"novalidate\" data-status=\"init\">\n<fieldset class=\"hidden-fields-container\"><input type=\"hidden\" name=\"_wpcf7\" value=\"3820\" \/><input type=\"hidden\" name=\"_wpcf7_version\" value=\"6.1.5\" \/><input type=\"hidden\" name=\"_wpcf7_locale\" value=\"tr_TR\" \/><input type=\"hidden\" name=\"_wpcf7_unit_tag\" value=\"wpcf7-f3820-o1\" \/><input type=\"hidden\" name=\"_wpcf7_container_post\" value=\"0\" \/><input type=\"hidden\" name=\"_wpcf7_posted_data_hash\" value=\"\" \/>\n<\/fieldset>\n<p><label> Name and Surname (*)<br \/>\n<span class=\"wpcf7-form-control-wrap\" data-name=\"your-name\"><input size=\"40\" maxlength=\"400\" class=\"wpcf7-form-control wpcf7-text wpcf7-validates-as-required\" aria-required=\"true\" aria-invalid=\"false\" value=\"\" type=\"text\" name=\"your-name\" \/><\/span> <\/label>\n<\/p>\n<p><label> Your Email (*)<br \/>\n<span class=\"wpcf7-form-control-wrap\" data-name=\"your-email\"><input size=\"40\" maxlength=\"400\" class=\"wpcf7-form-control wpcf7-email wpcf7-validates-as-required wpcf7-text wpcf7-validates-as-email\" aria-required=\"true\" aria-invalid=\"false\" value=\"\" type=\"email\" name=\"your-email\" \/><\/span> <\/label>\n<\/p>\n<p><label> Subject<br \/>\n<span class=\"wpcf7-form-control-wrap\" data-name=\"your-subject\"><input size=\"40\" maxlength=\"400\" class=\"wpcf7-form-control wpcf7-text\" aria-invalid=\"false\" value=\"\" type=\"text\" name=\"your-subject\" \/><\/span> <\/label>\n<\/p>\n<p><label> Message<br \/>\n<span class=\"wpcf7-form-control-wrap\" data-name=\"your-message\"><textarea cols=\"40\" rows=\"10\" maxlength=\"2000\" class=\"wpcf7-form-control wpcf7-textarea\" aria-invalid=\"false\" name=\"your-message\"><\/textarea><\/span> <\/label>\n<\/p>\n<p><input class=\"wpcf7-form-control wpcf7-submit has-spinner\" type=\"submit\" value=\"Send\" \/>\n<\/p><div class=\"wpcf7-response-output\" aria-hidden=\"true\"><\/div>\n<\/form>\n<\/div>\n[vc_empty_space height=&#8221;30px&#8221;][\/vc_column][vc_column offset=&#8221;vc_col-lg-6&#8243;][vc_empty_space height=&#8221;19px&#8221;][vc_single_image image=&#8221;7075&#8243; img_size=&#8221;full&#8221; style=&#8221;vc_box_outline&#8221; css=&#8221;&#8221;][vc_empty_space height=&#8221;23px&#8221;][vc_row_inner][vc_column_inner width=&#8221;1\/2&#8243;][vc_column_text]<\/p>\n<h5>Contacts<\/h5>\n<p>[\/vc_column_text][vc_empty_space height=&#8221;28px&#8221;]\n<div class=\"mkd-unordered-list \" >\n\n            <ul>\n                            <li class=\"mkd-list-item\">\n\n                    \n                    <span class=\"icon\"><span aria-hidden=\"true\" class=\"mkd-icon-font-elegant icon_phone \" style=\"color:#ef7c3a;font-size:18px\" ><\/span><\/span>\n                    <span class=\"text\" style=\"color:#929191;font-size:15px\">0(216) 606 55 54<\/span>\n                <\/li>\n                            <li class=\"mkd-list-item\">\n\n                    \n                    <span class=\"icon\"><span aria-hidden=\"true\" class=\"mkd-icon-font-elegant icon_mobile \" style=\"color:#ef7c3a;font-size:18px\" ><\/span><\/span>\n                    <span class=\"text\" style=\"color:#929191;font-size:15px\">0(532) 483 30 07<\/span>\n                <\/li>\n                            <li class=\"mkd-list-item\">\n\n                    \n                    <span class=\"icon\"><span aria-hidden=\"true\" class=\"mkd-icon-font-elegant icon_mail \" style=\"color:#ef7c3a;font-size:18px\" ><\/span><\/span>\n                    <span class=\"text\" style=\"color:#929191;font-size:15px\">info@mekanikel.com<\/span>\n                <\/li>\n                    <\/ul>\n    \n<\/div>[vc_empty_space height=&#8221;30px&#8221;][\/vc_column_inner][vc_column_inner width=&#8221;1\/2&#8243;][vc_column_text]<\/p>\n<h5>Address<\/h5>\n<p>[\/vc_column_text][vc_empty_space height=&#8221;28px&#8221;]\n<div class=\"mkd-unordered-list \" >\n\n            <ul>\n                            <li class=\"mkd-list-item\">\n\n                    \n                    <span class=\"icon\"><span aria-hidden=\"true\" class=\"mkd-icon-font-elegant icon_pin \" style=\"color:#ef7c3a;font-size:18px\" ><\/span><\/span>\n                    <span class=\"text\" style=\"color:#929191;font-size:15px\">Head Office: Yeni\u015fehir Mahallesi S\u00fcmb\u00fcl Sokak No: 6-1\/78 Sweet Life Center Pendik, Istanbul - Turkey<\/span>\n                <\/li>\n                            <li class=\"mkd-list-item\">\n\n                    \n                    <span class=\"icon\"><span aria-hidden=\"true\" class=\"mkd-icon-font-elegant icon_pin \" style=\"color:#ef7c3a;font-size:18px\" ><\/span><\/span>\n                    <span class=\"text\" style=\"color:#929191;font-size:15px\">Manufacture: Sakarya 1. Organize Sanayi B\u00f6lgesi Mahallesi 12. Cadde No: 2\/24b Arifiye - Sakarya<\/span>\n                <\/li>\n                    <\/ul>\n    \n<\/div>[vc_empty_space height=&#8221;30px&#8221;][\/vc_column_inner][\/vc_row_inner][\/vc_column][\/vc_row][vc_row css=&#8221;.vc_custom_1729536106645{margin-bottom: -40px !important;background-color: #ef7c3a !important;}&#8221;][vc_column]\t<div class=\"mkd-call-to-action normal mkd-dark\">\n\n\t\t\t\t<div class=\"mkd-container-inner\">\n\t\t\t\t\t<div class=\"mkd-call-to-action-row-75-25 clearfix\" style=\"padding: 24px 0 24px 0;\">\n\t\t\t\t\t\t<div class=\"mkd-text-wrapper mkd-call-to-action-column1 mkd-call-to-action-cell\">\n\t\t\t\t\t\t\t\t\t<div class=\"mkd-call-to-action-text\" style=\"font-size: 19px\"><span style=\"color: #ffffff;\">More information about our products &#8230;<\/span><\/div>\n\t\t\t\t<\/div>\n\n\t\t\t\t\t\t\t\t\t<div class=\"mkd-button-wrapper mkd-call-to-action-column2 mkd-call-to-action-cell\" style =\"text-align: right ;\">\n\t\t\t\t\t\t<a itemprop=\"url\" href=\"http:\/\/mekanikel.com\/en\/products\" target=\"_blank\"  class=\"mkd-btn mkd-btn-medium mkd-btn-solid mkd-dark\"  >    <span class=\"mkd-btn-text\">Products<\/span>    <\/a>\t\t\t\t\t<\/div>\n\t\t\t\t\t\t\t<\/div>\n\t\t\t\t<\/div>\n\t\t\t<\/div>\n[\/vc_column][\/vc_row]<\/p>\n<\/div>","protected":false},"excerpt":{"rendered":"<p>[vc_row][vc_column css=&#8221;.vc_custom_1489529031300{margin-top: -80px !important;}&#8221;][\/vc_column][\/vc_row][vc_row content_width=&#8221;grid&#8221; css=&#8221;.vc_custom_1477575832892{padding-top: 61px !important;padding-bottom: 56px !important;}&#8221;][vc_column offset=&#8221;vc_col-lg-6&#8243;][vc_column_text] Contact Form [\/vc_column_text][vc_empty_space height=&#8221;9px&#8221;][vc_column_text] You can contact us from the contact form below or from our contact numbers. Messages received via the form will be answered within 24 hours. [\/vc_column_text][vc_empty_space height=&#8221;22px&#8221;][vc_empty_space height=&#8221;30px&#8221;][\/vc_column][vc_column offset=&#8221;vc_col-lg-6&#8243;][vc_empty_space height=&#8221;19px&#8221;][vc_single_image&#8230;<\/p>\n","protected":false},"author":1,"featured_media":0,"parent":0,"menu_order":0,"comment_status":"closed","ping_status":"closed","template":"full-width.php","meta":{"footnotes":""},"class_list":["post-3818","page","type-page","status-publish","hentry"],"_links":{"self":[{"href":"https:\/\/mekanikel.com\/en\/wp-json\/wp\/v2\/pages\/3818","targetHints":{"allow":["GET"]}}],"collection":[{"href":"https:\/\/mekanikel.com\/en\/wp-json\/wp\/v2\/pages"}],"about":[{"href":"https:\/\/mekanikel.com\/en\/wp-json\/wp\/v2\/types\/page"}],"author":[{"embeddable":true,"href":"https:\/\/mekanikel.com\/en\/wp-json\/wp\/v2\/users\/1"}],"replies":[{"embeddable":true,"href":"https:\/\/mekanikel.com\/en\/wp-json\/wp\/v2\/comments?post=3818"}],"version-history":[{"count":5,"href":"https:\/\/mekanikel.com\/en\/wp-json\/wp\/v2\/pages\/3818\/revisions"}],"predecessor-version":[{"id":7078,"href":"https:\/\/mekanikel.com\/en\/wp-json\/wp\/v2\/pages\/3818\/revisions\/7078"}],"wp:attachment":[{"href":"https:\/\/mekanikel.com\/en\/wp-json\/wp\/v2\/media?parent=3818"}],"curies":[{"name":"wp","href":"https:\/\/api.w.org\/{rel}","templated":true}]}}