{"id":3803,"date":"2017-04-04T07:20:35","date_gmt":"2017-04-04T04:20:35","guid":{"rendered":"http:\/\/mekanikel.com\/?page_id=3803\/"},"modified":"2025-01-13T03:33:16","modified_gmt":"2025-01-13T00:33:16","slug":"products","status":"publish","type":"page","link":"https:\/\/mekanikel.com\/en\/products\/","title":{"rendered":"Products"},"content":{"rendered":"<div class=\"wpb-content-wrapper\"><p>[vc_row content_width=&#8221;grid&#8221; css=&#8221;.vc_custom_1491279714821{padding-top: 82px !important;padding-bottom: 72px !important;}&#8221;][vc_column]<div class=\"mkd-portfolio-list-holder mkd-pl-gallery mkd-pl-normal-space mkd-pl-three-columns mkd-pl-standard-shader mkd-pl-pag-no-pagination\"  data-type=gallery data-number-of-columns=3 data-space-between-items=normal data-number-of-items=12 data-image-proportions=full data-order-by=date data-order=ASC data-item-layout=standard-shader data-enable-title=yes data-title-tag=h4 data-enable-category=no data-enable-excerpt=yes data-excerpt-length=200 data-pagination-type=no-pagination data-filter=no data-filter-order-by=name data-enable-article-animation=no data-slider-speed=5000 data-enable-loop=yes data-enable-variable-width=no data-enable-padding=no data-max-num-pages=1 data-next-page=2>\n\t\t\n\t<div class=\"mkd-pl-inner clearfix\">\n\t\t<article class=\"mkd-pl-item  post-3793 portfolio-item type-portfolio-item status-publish has-post-thumbnail hentry portfolio-category-machine portfolio-tag-decoiler portfolio-tag-mechanical-sheet-metal-decoiler\">\n\t<div class=\"mkd-pl-item-inner\">\n\t\t<a itemprop=\"url\" href=\"https:\/\/mekanikel.com\/en\/mekanikel\/mechanical-sheet-metal-decoiler\/\">\n\t<i class=\"fa fa-external-link\" aria-hidden=\"true\"><\/i>\n\t<div class=\"mkd-pli-image\">\n\t\t\t<img loading=\"lazy\" decoding=\"async\" width=\"1300\" height=\"892\" src=\"https:\/\/mekanikel.com\/wp-content\/uploads\/2017\/03\/mekanik-rulo-acici.jpg\" class=\"attachment-full size-full wp-post-image\" alt=\"Mekanik Rulo A\u00e7\u0131c\u0131\" srcset=\"https:\/\/mekanikel.com\/wp-content\/uploads\/2017\/03\/mekanik-rulo-acici.jpg 1300w, https:\/\/mekanikel.com\/wp-content\/uploads\/2017\/03\/mekanik-rulo-acici-300x206.jpg 300w, https:\/\/mekanikel.com\/wp-content\/uploads\/2017\/03\/mekanik-rulo-acici-768x527.jpg 768w, https:\/\/mekanikel.com\/wp-content\/uploads\/2017\/03\/mekanik-rulo-acici-1024x703.jpg 1024w\" sizes=\"auto, (max-width: 1300px) 100vw, 1300px\" \/>\t<\/div><\/a>\n\n<div class=\"mkd-pli-text-holder\">\n\t<div class=\"mkd-pli-text-wrapper\">\n\t\t<div class=\"mkd-pli-text\">\n\t\t\t<a itemprop=\"url\" href=\"https:\/\/mekanikel.com\/en\/mekanikel\/mechanical-sheet-metal-decoiler\/\">\n\t\t\t\t\t<h4 itemprop=\"name\" class=\"mkd-pli-title entry-title\" >\n\t\tMechanical Sheet Metal Decoiler\t<\/h4>\n\t\t\t<\/a>\n\n            \t\t\t\n\t\t\t\t<p itemprop=\"description\" class=\"mkd-pli-excerpt\">Just like low weight rolled sheet metal internal tightening can be done by a hydraulic system, it can also be done with a mechanical system.<\/p>\n\t\t<\/div>\n\t<\/div>\n<\/div>\t<\/div>\n<\/article><article class=\"mkd-pl-item  post-3794 portfolio-item type-portfolio-item status-publish has-post-thumbnail hentry portfolio-category-machine portfolio-tag-hydraulic-sheet-metal-decoiler portfolio-tag-metal-decoiler\">\n\t<div class=\"mkd-pl-item-inner\">\n\t\t<a itemprop=\"url\" href=\"https:\/\/mekanikel.com\/en\/mekanikel\/hydraulic-sheet-metal-decoiler\/\">\n\t<i class=\"fa fa-external-link\" aria-hidden=\"true\"><\/i>\n\t<div class=\"mkd-pli-image\">\n\t\t\t<img loading=\"lazy\" decoding=\"async\" width=\"1300\" height=\"892\" src=\"https:\/\/mekanikel.com\/wp-content\/uploads\/2017\/03\/hidrolik-rulo-acici.jpg\" class=\"attachment-full size-full wp-post-image\" alt=\"Hidrolik Rulo A\u00e7\u0131c\u0131\" srcset=\"https:\/\/mekanikel.com\/wp-content\/uploads\/2017\/03\/hidrolik-rulo-acici.jpg 1300w, https:\/\/mekanikel.com\/wp-content\/uploads\/2017\/03\/hidrolik-rulo-acici-300x206.jpg 300w, https:\/\/mekanikel.com\/wp-content\/uploads\/2017\/03\/hidrolik-rulo-acici-768x527.jpg 768w, https:\/\/mekanikel.com\/wp-content\/uploads\/2017\/03\/hidrolik-rulo-acici-1024x703.jpg 1024w\" sizes=\"auto, (max-width: 1300px) 100vw, 1300px\" \/>\t<\/div><\/a>\n\n<div class=\"mkd-pli-text-holder\">\n\t<div class=\"mkd-pli-text-wrapper\">\n\t\t<div class=\"mkd-pli-text\">\n\t\t\t<a itemprop=\"url\" href=\"https:\/\/mekanikel.com\/en\/mekanikel\/hydraulic-sheet-metal-decoiler\/\">\n\t\t\t\t\t<h4 itemprop=\"name\" class=\"mkd-pli-title entry-title\" >\n\t\tHydraulic Sheet Metal Decoiler\t<\/h4>\n\t\t\t<\/a>\n\n            \t\t\t\n\t\t\t\t<p itemprop=\"description\" class=\"mkd-pli-excerpt\">Hydraulic sheet metal openers are used to facilitate the work of employees and facilitate the inner tightening process, for higher...<\/p>\n\t\t<\/div>\n\t<\/div>\n<\/div>\t<\/div>\n<\/article><article class=\"mkd-pl-item  post-3796 portfolio-item type-portfolio-item status-publish has-post-thumbnail hentry portfolio-category-machine portfolio-tag-double-head-decoiler\">\n\t<div class=\"mkd-pl-item-inner\">\n\t\t<a itemprop=\"url\" href=\"https:\/\/mekanikel.com\/en\/mekanikel\/double-head-decoiler\/\">\n\t<i class=\"fa fa-external-link\" aria-hidden=\"true\"><\/i>\n\t<div class=\"mkd-pli-image\">\n\t\t\t<img loading=\"lazy\" decoding=\"async\" width=\"1300\" height=\"892\" src=\"https:\/\/mekanikel.com\/wp-content\/uploads\/2017\/04\/double-head-decoiler-1.jpg\" class=\"attachment-full size-full wp-post-image\" alt=\"Double Head Decoiler\" srcset=\"https:\/\/mekanikel.com\/wp-content\/uploads\/2017\/04\/double-head-decoiler-1.jpg 1300w, https:\/\/mekanikel.com\/wp-content\/uploads\/2017\/04\/double-head-decoiler-1-300x206.jpg 300w, https:\/\/mekanikel.com\/wp-content\/uploads\/2017\/04\/double-head-decoiler-1-768x527.jpg 768w, https:\/\/mekanikel.com\/wp-content\/uploads\/2017\/04\/double-head-decoiler-1-1024x703.jpg 1024w\" sizes=\"auto, (max-width: 1300px) 100vw, 1300px\" \/>\t<\/div><\/a>\n\n<div class=\"mkd-pli-text-holder\">\n\t<div class=\"mkd-pli-text-wrapper\">\n\t\t<div class=\"mkd-pli-text\">\n\t\t\t<a itemprop=\"url\" href=\"https:\/\/mekanikel.com\/en\/mekanikel\/double-head-decoiler\/\">\n\t\t\t\t\t<h4 itemprop=\"name\" class=\"mkd-pli-title entry-title\" >\n\t\tDouble Head Decoiler\t<\/h4>\n\t\t\t<\/a>\n\n            \t\t\t\n\t\t\t\t<p itemprop=\"description\" class=\"mkd-pli-excerpt\">Aiming to reduce the time to load a roll to the minimum point, this decoiler type drives one of the rolls, as the other one waits as a backup.<\/p>\n\t\t<\/div>\n\t<\/div>\n<\/div>\t<\/div>\n<\/article><article class=\"mkd-pl-item  post-3801 portfolio-item type-portfolio-item status-publish has-post-thumbnail hentry portfolio-category-machine portfolio-tag-decoiler-with-straightener\">\n\t<div class=\"mkd-pl-item-inner\">\n\t\t<a itemprop=\"url\" href=\"https:\/\/mekanikel.com\/en\/mekanikel\/decoiler-with-straightener\/\">\n\t<i class=\"fa fa-external-link\" aria-hidden=\"true\"><\/i>\n\t<div class=\"mkd-pli-image\">\n\t\t\t<img loading=\"lazy\" decoding=\"async\" width=\"1300\" height=\"892\" src=\"https:\/\/mekanikel.com\/wp-content\/uploads\/2017\/04\/preparing-product-image.jpg\" class=\"attachment-full size-full wp-post-image\" alt=\"Preparing Product Image\" srcset=\"https:\/\/mekanikel.com\/wp-content\/uploads\/2017\/04\/preparing-product-image.jpg 1300w, https:\/\/mekanikel.com\/wp-content\/uploads\/2017\/04\/preparing-product-image-300x206.jpg 300w, https:\/\/mekanikel.com\/wp-content\/uploads\/2017\/04\/preparing-product-image-768x527.jpg 768w, https:\/\/mekanikel.com\/wp-content\/uploads\/2017\/04\/preparing-product-image-1024x703.jpg 1024w\" sizes=\"auto, (max-width: 1300px) 100vw, 1300px\" \/>\t<\/div><\/a>\n\n<div class=\"mkd-pli-text-holder\">\n\t<div class=\"mkd-pli-text-wrapper\">\n\t\t<div class=\"mkd-pli-text\">\n\t\t\t<a itemprop=\"url\" href=\"https:\/\/mekanikel.com\/en\/mekanikel\/decoiler-with-straightener\/\">\n\t\t\t\t\t<h4 itemprop=\"name\" class=\"mkd-pli-title entry-title\" >\n\t\tDecoiler With Straightener\t<\/h4>\n\t\t\t<\/a>\n\n            \t\t\t\n\t\t\t\t<p itemprop=\"description\" class=\"mkd-pli-excerpt\">It is a compact solution for systems requiring sensitive preliminary straightening before being driven. You may have a driver or a driver with...<\/p>\n\t\t<\/div>\n\t<\/div>\n<\/div>\t<\/div>\n<\/article><article class=\"mkd-pl-item  post-3814 portfolio-item type-portfolio-item status-publish has-post-thumbnail hentry portfolio-category-machine portfolio-tag-plate-sheet-servo-driver\">\n\t<div class=\"mkd-pl-item-inner\">\n\t\t<a itemprop=\"url\" href=\"https:\/\/mekanikel.com\/en\/mekanikel\/plate-sheet-servo-driver\/\">\n\t<i class=\"fa fa-external-link\" aria-hidden=\"true\"><\/i>\n\t<div class=\"mkd-pli-image\">\n\t\t\t<img loading=\"lazy\" decoding=\"async\" width=\"1300\" height=\"892\" src=\"https:\/\/mekanikel.com\/wp-content\/uploads\/2017\/04\/plate-sheet-servo-driver-3.jpg\" class=\"attachment-full size-full wp-post-image\" alt=\"Plate Sheet Servo Driver\" srcset=\"https:\/\/mekanikel.com\/wp-content\/uploads\/2017\/04\/plate-sheet-servo-driver-3.jpg 1300w, https:\/\/mekanikel.com\/wp-content\/uploads\/2017\/04\/plate-sheet-servo-driver-3-300x206.jpg 300w, https:\/\/mekanikel.com\/wp-content\/uploads\/2017\/04\/plate-sheet-servo-driver-3-768x527.jpg 768w, https:\/\/mekanikel.com\/wp-content\/uploads\/2017\/04\/plate-sheet-servo-driver-3-1024x703.jpg 1024w\" sizes=\"auto, (max-width: 1300px) 100vw, 1300px\" \/>\t<\/div><\/a>\n\n<div class=\"mkd-pli-text-holder\">\n\t<div class=\"mkd-pli-text-wrapper\">\n\t\t<div class=\"mkd-pli-text\">\n\t\t\t<a itemprop=\"url\" href=\"https:\/\/mekanikel.com\/en\/mekanikel\/plate-sheet-servo-driver\/\">\n\t\t\t\t\t<h4 itemprop=\"name\" class=\"mkd-pli-title entry-title\" >\n\t\tPlate Sheet Servo Driver\t<\/h4>\n\t\t\t<\/a>\n\n            \t\t\t\n\t\t\t\t<p itemprop=\"description\" class=\"mkd-pli-excerpt\">When plate sheets are going through the press process, sensitive drive is not possible with any servo drive as the sheet is not continuous.<\/p>\n\t\t<\/div>\n\t<\/div>\n<\/div>\t<\/div>\n<\/article><article class=\"mkd-pl-item  post-3827 portfolio-item type-portfolio-item status-publish has-post-thumbnail hentry portfolio-category-machine portfolio-tag-servo-driver\">\n\t<div class=\"mkd-pl-item-inner\">\n\t\t<a itemprop=\"url\" href=\"https:\/\/mekanikel.com\/en\/mekanikel\/servo-driver\/\">\n\t<i class=\"fa fa-external-link\" aria-hidden=\"true\"><\/i>\n\t<div class=\"mkd-pli-image\">\n\t\t\t<img loading=\"lazy\" decoding=\"async\" width=\"1300\" height=\"892\" src=\"https:\/\/mekanikel.com\/wp-content\/uploads\/2017\/04\/servo-driver-1.jpg\" class=\"attachment-full size-full wp-post-image\" alt=\"Servo Driver\" srcset=\"https:\/\/mekanikel.com\/wp-content\/uploads\/2017\/04\/servo-driver-1.jpg 1300w, https:\/\/mekanikel.com\/wp-content\/uploads\/2017\/04\/servo-driver-1-300x206.jpg 300w, https:\/\/mekanikel.com\/wp-content\/uploads\/2017\/04\/servo-driver-1-768x527.jpg 768w, https:\/\/mekanikel.com\/wp-content\/uploads\/2017\/04\/servo-driver-1-1024x703.jpg 1024w\" sizes=\"auto, (max-width: 1300px) 100vw, 1300px\" \/>\t<\/div><\/a>\n\n<div class=\"mkd-pli-text-holder\">\n\t<div class=\"mkd-pli-text-wrapper\">\n\t\t<div class=\"mkd-pli-text\">\n\t\t\t<a itemprop=\"url\" href=\"https:\/\/mekanikel.com\/en\/mekanikel\/servo-driver\/\">\n\t\t\t\t\t<h4 itemprop=\"name\" class=\"mkd-pli-title entry-title\" >\n\t\tServo Driver\t<\/h4>\n\t\t\t<\/a>\n\n            \t\t\t\n\t\t\t\t<p itemprop=\"description\" class=\"mkd-pli-excerpt\">It is very important to precisely measure the length of the sheet during sheet metal processing and length cutting, and when dealing with press<\/p>\n\t\t<\/div>\n\t<\/div>\n<\/div>\t<\/div>\n<\/article><article class=\"mkd-pl-item  post-3831 portfolio-item type-portfolio-item status-publish has-post-thumbnail hentry portfolio-category-machine portfolio-tag-mini-driver\">\n\t<div class=\"mkd-pl-item-inner\">\n\t\t<a itemprop=\"url\" href=\"https:\/\/mekanikel.com\/en\/mekanikel\/mini-driver\/\">\n\t<i class=\"fa fa-external-link\" aria-hidden=\"true\"><\/i>\n\t<div class=\"mkd-pli-image\">\n\t\t\t<img loading=\"lazy\" decoding=\"async\" width=\"1300\" height=\"892\" src=\"https:\/\/mekanikel.com\/wp-content\/uploads\/2017\/04\/mini-driver-1.jpg\" class=\"attachment-full size-full wp-post-image\" alt=\"Mini Driver\" srcset=\"https:\/\/mekanikel.com\/wp-content\/uploads\/2017\/04\/mini-driver-1.jpg 1300w, https:\/\/mekanikel.com\/wp-content\/uploads\/2017\/04\/mini-driver-1-300x206.jpg 300w, https:\/\/mekanikel.com\/wp-content\/uploads\/2017\/04\/mini-driver-1-768x527.jpg 768w, https:\/\/mekanikel.com\/wp-content\/uploads\/2017\/04\/mini-driver-1-1024x703.jpg 1024w\" sizes=\"auto, (max-width: 1300px) 100vw, 1300px\" \/>\t<\/div><\/a>\n\n<div class=\"mkd-pli-text-holder\">\n\t<div class=\"mkd-pli-text-wrapper\">\n\t\t<div class=\"mkd-pli-text\">\n\t\t\t<a itemprop=\"url\" href=\"https:\/\/mekanikel.com\/en\/mekanikel\/mini-driver\/\">\n\t\t\t\t\t<h4 itemprop=\"name\" class=\"mkd-pli-title entry-title\" >\n\t\tMini Driver\t<\/h4>\n\t\t\t<\/a>\n\n            \t\t\t\n\t\t\t\t<p itemprop=\"description\" class=\"mkd-pli-excerpt\">They are used to drive narrow strip width sheets. Because of their small size, they are usually preferred for a facility that has a space problem.<\/p>\n\t\t<\/div>\n\t<\/div>\n<\/div>\t<\/div>\n<\/article><article class=\"mkd-pl-item  post-3839 portfolio-item type-portfolio-item status-publish has-post-thumbnail hentry portfolio-category-machine portfolio-tag-servo-driver-with-straightener\">\n\t<div class=\"mkd-pl-item-inner\">\n\t\t<a itemprop=\"url\" href=\"https:\/\/mekanikel.com\/en\/mekanikel\/servo-driver-straightener\/\">\n\t<i class=\"fa fa-external-link\" aria-hidden=\"true\"><\/i>\n\t<div class=\"mkd-pli-image\">\n\t\t\t<img loading=\"lazy\" decoding=\"async\" width=\"1300\" height=\"892\" src=\"https:\/\/mekanikel.com\/wp-content\/uploads\/2017\/04\/servo-driver-straightener-1-1.jpg\" class=\"attachment-full size-full wp-post-image\" alt=\"Servo Driver with Straightener\" srcset=\"https:\/\/mekanikel.com\/wp-content\/uploads\/2017\/04\/servo-driver-straightener-1-1.jpg 1300w, https:\/\/mekanikel.com\/wp-content\/uploads\/2017\/04\/servo-driver-straightener-1-1-300x206.jpg 300w, https:\/\/mekanikel.com\/wp-content\/uploads\/2017\/04\/servo-driver-straightener-1-1-768x527.jpg 768w, https:\/\/mekanikel.com\/wp-content\/uploads\/2017\/04\/servo-driver-straightener-1-1-1024x703.jpg 1024w\" sizes=\"auto, (max-width: 1300px) 100vw, 1300px\" \/>\t<\/div><\/a>\n\n<div class=\"mkd-pli-text-holder\">\n\t<div class=\"mkd-pli-text-wrapper\">\n\t\t<div class=\"mkd-pli-text\">\n\t\t\t<a itemprop=\"url\" href=\"https:\/\/mekanikel.com\/en\/mekanikel\/servo-driver-straightener\/\">\n\t\t\t\t\t<h4 itemprop=\"name\" class=\"mkd-pli-title entry-title\" >\n\t\tServo Driver with Straightener\t<\/h4>\n\t\t\t<\/a>\n\n            \t\t\t\n\t\t\t\t<p itemprop=\"description\" class=\"mkd-pli-excerpt\">The straightening servo driver is the only solution for this task when straightening the sheet from the roll and sensitive precise driving is required at the same...<\/p>\n\t\t<\/div>\n\t<\/div>\n<\/div>\t<\/div>\n<\/article><article class=\"mkd-pl-item  post-3846 portfolio-item type-portfolio-item status-publish has-post-thumbnail hentry portfolio-category-machine portfolio-tag-sheet-metal-driver\">\n\t<div class=\"mkd-pl-item-inner\">\n\t\t<a itemprop=\"url\" href=\"https:\/\/mekanikel.com\/en\/mekanikel\/sheet-metal-driver\/\">\n\t<i class=\"fa fa-external-link\" aria-hidden=\"true\"><\/i>\n\t<div class=\"mkd-pli-image\">\n\t\t\t<img loading=\"lazy\" decoding=\"async\" width=\"1300\" height=\"892\" src=\"https:\/\/mekanikel.com\/wp-content\/uploads\/2017\/04\/sheet-metal-driver-1.jpg\" class=\"attachment-full size-full wp-post-image\" alt=\"Sheet Steel Driver\" srcset=\"https:\/\/mekanikel.com\/wp-content\/uploads\/2017\/04\/sheet-metal-driver-1.jpg 1300w, https:\/\/mekanikel.com\/wp-content\/uploads\/2017\/04\/sheet-metal-driver-1-300x206.jpg 300w, https:\/\/mekanikel.com\/wp-content\/uploads\/2017\/04\/sheet-metal-driver-1-768x527.jpg 768w, https:\/\/mekanikel.com\/wp-content\/uploads\/2017\/04\/sheet-metal-driver-1-1024x703.jpg 1024w\" sizes=\"auto, (max-width: 1300px) 100vw, 1300px\" \/>\t<\/div><\/a>\n\n<div class=\"mkd-pli-text-holder\">\n\t<div class=\"mkd-pli-text-wrapper\">\n\t\t<div class=\"mkd-pli-text\">\n\t\t\t<a itemprop=\"url\" href=\"https:\/\/mekanikel.com\/en\/mekanikel\/sheet-metal-driver\/\">\n\t\t\t\t\t<h4 itemprop=\"name\" class=\"mkd-pli-title entry-title\" >\n\t\tSheet Metal Driver\t<\/h4>\n\t\t\t<\/a>\n\n            \t\t\t\n\t\t\t\t<p itemprop=\"description\" class=\"mkd-pli-excerpt\">It is a product that can be positioned between the opener and the servo drive which will provide you with a solution when you need precise alignment...<\/p>\n\t\t<\/div>\n\t<\/div>\n<\/div>\t<\/div>\n<\/article><article class=\"mkd-pl-item  post-3862 portfolio-item type-portfolio-item status-publish has-post-thumbnail hentry portfolio-category-machine portfolio-tag-cut-to-length-line\">\n\t<div class=\"mkd-pl-item-inner\">\n\t\t<a itemprop=\"url\" href=\"https:\/\/mekanikel.com\/en\/mekanikel\/cut-length-line\/\">\n\t<i class=\"fa fa-external-link\" aria-hidden=\"true\"><\/i>\n\t<div class=\"mkd-pli-image\">\n\t\t\t<img loading=\"lazy\" decoding=\"async\" width=\"1300\" height=\"892\" src=\"https:\/\/mekanikel.com\/wp-content\/uploads\/2017\/04\/preparing-product-image.jpg\" class=\"attachment-full size-full wp-post-image\" alt=\"Preparing Product Image\" srcset=\"https:\/\/mekanikel.com\/wp-content\/uploads\/2017\/04\/preparing-product-image.jpg 1300w, https:\/\/mekanikel.com\/wp-content\/uploads\/2017\/04\/preparing-product-image-300x206.jpg 300w, https:\/\/mekanikel.com\/wp-content\/uploads\/2017\/04\/preparing-product-image-768x527.jpg 768w, https:\/\/mekanikel.com\/wp-content\/uploads\/2017\/04\/preparing-product-image-1024x703.jpg 1024w\" sizes=\"auto, (max-width: 1300px) 100vw, 1300px\" \/>\t<\/div><\/a>\n\n<div class=\"mkd-pli-text-holder\">\n\t<div class=\"mkd-pli-text-wrapper\">\n\t\t<div class=\"mkd-pli-text\">\n\t\t\t<a itemprop=\"url\" href=\"https:\/\/mekanikel.com\/en\/mekanikel\/cut-length-line\/\">\n\t\t\t\t\t<h4 itemprop=\"name\" class=\"mkd-pli-title entry-title\" >\n\t\tCut to Length Line\t<\/h4>\n\t\t\t<\/a>\n\n            \t\t\t\n\t\t\t\t<p itemprop=\"description\" class=\"mkd-pli-excerpt\">It is necessary to measure sheet metal according to different usage areas and bring it into a plate form. When the same size plates\/sheets are needed in large quantities...<\/p>\n\t\t<\/div>\n\t<\/div>\n<\/div>\t<\/div>\n<\/article><article class=\"mkd-pl-item  post-3866 portfolio-item type-portfolio-item status-publish has-post-thumbnail hentry portfolio-category-machine portfolio-tag-roll-sheet-metal-slitting-line\">\n\t<div class=\"mkd-pl-item-inner\">\n\t\t<a itemprop=\"url\" href=\"https:\/\/mekanikel.com\/en\/mekanikel\/roll-sheet-metal-slitting-line\/\">\n\t<i class=\"fa fa-external-link\" aria-hidden=\"true\"><\/i>\n\t<div class=\"mkd-pli-image\">\n\t\t\t<img loading=\"lazy\" decoding=\"async\" width=\"1300\" height=\"892\" src=\"https:\/\/mekanikel.com\/wp-content\/uploads\/2017\/04\/preparing-product-image.jpg\" class=\"attachment-full size-full wp-post-image\" alt=\"Preparing Product Image\" srcset=\"https:\/\/mekanikel.com\/wp-content\/uploads\/2017\/04\/preparing-product-image.jpg 1300w, https:\/\/mekanikel.com\/wp-content\/uploads\/2017\/04\/preparing-product-image-300x206.jpg 300w, https:\/\/mekanikel.com\/wp-content\/uploads\/2017\/04\/preparing-product-image-768x527.jpg 768w, https:\/\/mekanikel.com\/wp-content\/uploads\/2017\/04\/preparing-product-image-1024x703.jpg 1024w\" sizes=\"auto, (max-width: 1300px) 100vw, 1300px\" \/>\t<\/div><\/a>\n\n<div class=\"mkd-pli-text-holder\">\n\t<div class=\"mkd-pli-text-wrapper\">\n\t\t<div class=\"mkd-pli-text\">\n\t\t\t<a itemprop=\"url\" href=\"https:\/\/mekanikel.com\/en\/mekanikel\/roll-sheet-metal-slitting-line\/\">\n\t\t\t\t\t<h4 itemprop=\"name\" class=\"mkd-pli-title entry-title\" >\n\t\tRoll Sheet Metal Slitting Line\t<\/h4>\n\t\t\t<\/a>\n\n            \t\t\t\n\t\t\t\t<p itemprop=\"description\" class=\"mkd-pli-excerpt\">You may have customer orders of sheet metal with different strip width. We design and manufacture roll sheet slitting lines which can make precise slitting...<\/p>\n\t\t<\/div>\n\t<\/div>\n<\/div>\t<\/div>\n<\/article><article class=\"mkd-pl-item  post-3855 portfolio-item type-portfolio-item status-publish has-post-thumbnail hentry portfolio-tag-roll-form portfolio-tag-roll-form-machine portfolio-tag-roll-forming\">\n\t<div class=\"mkd-pl-item-inner\">\n\t\t<a itemprop=\"url\" href=\"https:\/\/mekanikel.com\/en\/mekanikel\/roll-form-machine\/\">\n\t<i class=\"fa fa-external-link\" aria-hidden=\"true\"><\/i>\n\t<div class=\"mkd-pli-image\">\n\t\t\t<img loading=\"lazy\" decoding=\"async\" width=\"1300\" height=\"892\" src=\"https:\/\/mekanikel.com\/wp-content\/uploads\/2017\/03\/roll-form-hatti.jpg\" class=\"attachment-full size-full wp-post-image\" alt=\"Roll Form Hatt\u0131\" srcset=\"https:\/\/mekanikel.com\/wp-content\/uploads\/2017\/03\/roll-form-hatti.jpg 1300w, https:\/\/mekanikel.com\/wp-content\/uploads\/2017\/03\/roll-form-hatti-300x206.jpg 300w, https:\/\/mekanikel.com\/wp-content\/uploads\/2017\/03\/roll-form-hatti-768x527.jpg 768w, https:\/\/mekanikel.com\/wp-content\/uploads\/2017\/03\/roll-form-hatti-1024x703.jpg 1024w\" sizes=\"auto, (max-width: 1300px) 100vw, 1300px\" \/>\t<\/div><\/a>\n\n<div class=\"mkd-pli-text-holder\">\n\t<div class=\"mkd-pli-text-wrapper\">\n\t\t<div class=\"mkd-pli-text\">\n\t\t\t<a itemprop=\"url\" href=\"https:\/\/mekanikel.com\/en\/mekanikel\/roll-form-machine\/\">\n\t\t\t\t\t<h4 itemprop=\"name\" class=\"mkd-pli-title entry-title\" >\n\t\tRoll Form Machine | Rollforming\t<\/h4>\n\t\t\t<\/a>\n\n            \t\t\t\n\t\t\t\t<p itemprop=\"description\" class=\"mkd-pli-excerpt\">With roll form machines, you can produce products such as M profile, J profile, U profile and gypsum angle iron quickly and increase your productivity. <\/p>\n\t\t<\/div>\n\t<\/div>\n<\/div>\t<\/div>\n<\/article>\t<\/div>\n\t\n\t<\/div>[\/vc_column][\/vc_row]<\/p>\n<\/div>","protected":false},"excerpt":{"rendered":"<p>[vc_row content_width=&#8221;grid&#8221; css=&#8221;.vc_custom_1491279714821{padding-top: 82px !important;padding-bottom: 72px !important;}&#8221;][vc_column][\/vc_column][\/vc_row]<\/p>\n","protected":false},"author":1,"featured_media":0,"parent":0,"menu_order":0,"comment_status":"closed","ping_status":"closed","template":"full-width.php","meta":{"footnotes":""},"class_list":["post-3803","page","type-page","status-publish","hentry"],"_links":{"self":[{"href":"https:\/\/mekanikel.com\/en\/wp-json\/wp\/v2\/pages\/3803","targetHints":{"allow":["GET"]}}],"collection":[{"href":"https:\/\/mekanikel.com\/en\/wp-json\/wp\/v2\/pages"}],"about":[{"href":"https:\/\/mekanikel.com\/en\/wp-json\/wp\/v2\/types\/page"}],"author":[{"embeddable":true,"href":"https:\/\/mekanikel.com\/en\/wp-json\/wp\/v2\/users\/1"}],"replies":[{"embeddable":true,"href":"https:\/\/mekanikel.com\/en\/wp-json\/wp\/v2\/comments?post=3803"}],"version-history":[{"count":1,"href":"https:\/\/mekanikel.com\/en\/wp-json\/wp\/v2\/pages\/3803\/revisions"}],"predecessor-version":[{"id":7082,"href":"https:\/\/mekanikel.com\/en\/wp-json\/wp\/v2\/pages\/3803\/revisions\/7082"}],"wp:attachment":[{"href":"https:\/\/mekanikel.com\/en\/wp-json\/wp\/v2\/media?parent=3803"}],"curies":[{"name":"wp","href":"https:\/\/api.w.org\/{rel}","templated":true}]}}